{"id":9,"date":"2019-04-27T09:06:44","date_gmt":"2019-04-27T07:06:44","guid":{"rendered":"https:\/\/landrettung.at\/?page_id=9"},"modified":"2019-05-15T17:48:51","modified_gmt":"2019-05-15T15:48:51","slug":"startseite","status":"publish","type":"page","link":"https:\/\/landrettung.at\/","title":{"rendered":"Deine Umwelt ist dir wichtig?"},"content":{"rendered":"\n<p><strong>Du m\u00f6chtest naturnahe Lebensr\u00e4ume ringsum St. P\u00f6lten erhalten?  <\/strong><\/p>\n\n\n\n<p><strong>Dir ist gelebter Umwelt- und Klimaschutz vor der eigenen Haust\u00fcre besonders wichtig?<\/strong><\/p>\n\n\n\n<p><strong>Du legst Wert auf sauberes Trinkwasser und gesunde Lebensmittel aus der Region? <\/strong><\/p>\n\n\n\n<p>Die B\u00fcrgerInneninitiative Landrettung St. P\u00f6lten steht f\u00fcr den Erhalt der landschaftlichen Unversehrtheit und die generationen\u00fcbergreifende Sicherstellung unseres unsch\u00e4tzbaren kulturellen Erbes. <\/p>\n\n\n\n<p>Wir freuen uns, dass Du uns Deine Aufmerksamkeit schenkst.<\/p>\n\n\n\n<p>F\u00fcr jede Form der Unterst\u00fctzung, vom wertsch\u00e4tzenden Wort in Deinem Freundes- und Bekanntenkreis bis hin zur aktiven Mitarbeit in unserer Bewegung, w\u00e4ren wir Dir von Herzen dankbar.<\/p>\n\n\n\n<p>Wir wollen Leute dazu ermutigen:<br>&#8211; Die Stadtentwicklung aktiv mitzugestalten<br>&#8211; Zerst\u00f6rerische Bauvorhaben zu verhindern<br>&#8211; Die \u00f6kologische Vielfalt zu erhalten und zu f\u00f6rdern<br>&#8211; Den gesellschaftlichen Zusammenhalt zwischen Dorf und Stadt zu vertiefen<\/p>\n","protected":false},"excerpt":{"rendered":"<p>Du m\u00f6chtest naturnahe Lebensr\u00e4ume ringsum St. P\u00f6lten erhalten? Dir ist gelebter Umwelt- und Klimaschutz vor der eigenen Haust\u00fcre besonders wichtig? Du legst Wert auf sauberes Trinkwasser und gesunde Lebensmittel aus der Region? Die B\u00fcrgerInneninitiative Landrettung St. P\u00f6lten steht f\u00fcr den Erhalt der landschaftlichen Unversehrtheit und die generationen\u00fcbergreifende Sicherstellung unseres unsch\u00e4tzbaren kulturellen Erbes. Wir freuen uns, &hellip; <\/p>\n<p class=\"link-more\"><a href=\"https:\/\/landrettung.at\/\" class=\"more-link\"><span class=\"screen-reader-text\">\u201eDeine Umwelt ist dir wichtig?\u201c <\/span>weiterlesen<\/a><\/p>\n","protected":false},"author":2,"featured_media":0,"parent":0,"menu_order":0,"comment_status":"closed","ping_status":"closed","template":"","meta":{"footnotes":""},"class_list":["post-9","page","type-page","status-publish","hentry"],"_links":{"self":[{"href":"https:\/\/landrettung.at\/index.php?rest_route=\/wp\/v2\/pages\/9","targetHints":{"allow":["GET"]}}],"collection":[{"href":"https:\/\/landrettung.at\/index.php?rest_route=\/wp\/v2\/pages"}],"about":[{"href":"https:\/\/landrettung.at\/index.php?rest_route=\/wp\/v2\/types\/page"}],"author":[{"embeddable":true,"href":"https:\/\/landrettung.at\/index.php?rest_route=\/wp\/v2\/users\/2"}],"replies":[{"embeddable":true,"href":"https:\/\/landrettung.at\/index.php?rest_route=%2Fwp%2Fv2%2Fcomments&post=9"}],"version-history":[{"count":8,"href":"https:\/\/landrettung.at\/index.php?rest_route=\/wp\/v2\/pages\/9\/revisions"}],"predecessor-version":[{"id":115,"href":"https:\/\/landrettung.at\/index.php?rest_route=\/wp\/v2\/pages\/9\/revisions\/115"}],"wp:attachment":[{"href":"https:\/\/landrettung.at\/index.php?rest_route=%2Fwp%2Fv2%2Fmedia&parent=9"}],"curies":[{"name":"wp","href":"https:\/\/api.w.org\/{rel}","templated":true}]}}