{"id":155,"date":"2019-10-02T16:14:48","date_gmt":"2019-10-02T14:14:48","guid":{"rendered":"https:\/\/landrettung.at\/?page_id=155"},"modified":"2019-10-02T16:14:48","modified_gmt":"2019-10-02T14:14:48","slug":"warum-uns-deine-unterstuetzung-hilft","status":"publish","type":"page","link":"https:\/\/landrettung.at\/?page_id=155","title":{"rendered":"Warum uns deine Unterst\u00fctzung hilft&#8230;"},"content":{"rendered":"\n<p>Mit deinem Eintrag auf unserer Seite versuchen wir der Stadtregierung  aufzuzeigen dass die Bewohner St. P\u00f6ltens an Umweltschutz interessiert sind. Wir wollen versuchen eine weitere Versiegelung der weitgehend unversehrten Fl\u00e4chen rund um St. P\u00f6lten zu verhindern. Deine Stimme z\u00e4hlt, je mehr Unterst\u00fctzer um so gr\u00f6\u00dfer der Druck auf die Entscheidungstr\u00e4ger.<\/p>\n","protected":false},"excerpt":{"rendered":"<p>Mit deinem Eintrag auf unserer Seite versuchen wir der Stadtregierung aufzuzeigen dass die Bewohner St. P\u00f6ltens an Umweltschutz interessiert sind. Wir wollen versuchen eine weitere Versiegelung der weitgehend unversehrten Fl\u00e4chen rund um St. P\u00f6lten zu verhindern. Deine Stimme z\u00e4hlt, je mehr Unterst\u00fctzer um so gr\u00f6\u00dfer der Druck auf die Entscheidungstr\u00e4ger.<\/p>\n","protected":false},"author":2,"featured_media":0,"parent":0,"menu_order":0,"comment_status":"closed","ping_status":"closed","template":"","meta":{"footnotes":""},"class_list":["post-155","page","type-page","status-publish","hentry"],"_links":{"self":[{"href":"https:\/\/landrettung.at\/index.php?rest_route=\/wp\/v2\/pages\/155","targetHints":{"allow":["GET"]}}],"collection":[{"href":"https:\/\/landrettung.at\/index.php?rest_route=\/wp\/v2\/pages"}],"about":[{"href":"https:\/\/landrettung.at\/index.php?rest_route=\/wp\/v2\/types\/page"}],"author":[{"embeddable":true,"href":"https:\/\/landrettung.at\/index.php?rest_route=\/wp\/v2\/users\/2"}],"replies":[{"embeddable":true,"href":"https:\/\/landrettung.at\/index.php?rest_route=%2Fwp%2Fv2%2Fcomments&post=155"}],"version-history":[{"count":1,"href":"https:\/\/landrettung.at\/index.php?rest_route=\/wp\/v2\/pages\/155\/revisions"}],"predecessor-version":[{"id":156,"href":"https:\/\/landrettung.at\/index.php?rest_route=\/wp\/v2\/pages\/155\/revisions\/156"}],"wp:attachment":[{"href":"https:\/\/landrettung.at\/index.php?rest_route=%2Fwp%2Fv2%2Fmedia&parent=155"}],"curies":[{"name":"wp","href":"https:\/\/api.w.org\/{rel}","templated":true}]}}