{"id":11,"date":"2019-04-27T09:06:44","date_gmt":"2019-04-27T07:06:44","guid":{"rendered":"https:\/\/landrettung.at\/?page_id=11"},"modified":"2020-05-12T20:10:32","modified_gmt":"2020-05-12T18:10:32","slug":"kontakt","status":"publish","type":"page","link":"https:\/\/landrettung.at\/?page_id=11","title":{"rendered":"B\u00fcrgerInneninitiative Landrettung St. P\u00f6lten"},"content":{"rendered":"<p>Bei Beschwerden, Anregungen oder Interesse am Mithelfen: <a href=\"mailto:i&#110;&#102;&#111;&#64;&#108;&#97;&#110;&#100;&#114;&#101;&#x74;&#x74;&#x75;&#x6e;&#x67;&#x2e;&#x61;&#x74;\" target=\"_blank\" rel=\"noopener noreferrer\">&#x69;n&#x66;&#111;&#x40;&#x6c;a&#x6e;&#100;&#x72;&#x65;t&#x74;&#117;&#x6e;&#x67;&#46;&#x61;&#116;<\/a><\/p>\n<p>Die B\u00fcrgerinitiative Landrettung ist Teil des Klimahauptstadt 2024 Netzwerks.\u00a0<\/p>\n<p><blockquote class=\"wp-embedded-content\" data-secret=\"XQOxqVvy92\"><a href=\"https:\/\/www.klimahauptstadt2024.at\/\">Sankt P\u00f6lten: \u00d6sterreichs Klimahauptstadt<\/a><\/blockquote><iframe loading=\"lazy\" class=\"wp-embedded-content\" sandbox=\"allow-scripts\" security=\"restricted\" style=\"position: absolute; clip: rect(1px, 1px, 1px, 1px);\" title=\"&#8222;Sankt P\u00f6lten: \u00d6sterreichs Klimahauptstadt&#8220; &#8212; Klimahauptstadt St. P\u00f6lten 2024\" src=\"https:\/\/www.klimahauptstadt2024.at\/embed\/#?secret=KSwhgRPGNa#?secret=XQOxqVvy92\" data-secret=\"XQOxqVvy92\" width=\"525\" height=\"296\" frameborder=\"0\" marginwidth=\"0\" marginheight=\"0\" scrolling=\"no\"><\/iframe><\/p>\n\n\n<p><\/p>\n","protected":false},"excerpt":{"rendered":"<p>Bei Beschwerden, Anregungen oder Interesse am Mithelfen: info&#64;landret&#116;&#117;&#110;&#103;&#46;&#97;&#116; Die B\u00fcrgerinitiative Landrettung ist Teil des Klimahauptstadt 2024 Netzwerks.\u00a0 Sankt P\u00f6lten: \u00d6sterreichs Klimahauptstadt<\/p>\n","protected":false},"author":2,"featured_media":57,"parent":0,"menu_order":0,"comment_status":"closed","ping_status":"closed","template":"","meta":{"footnotes":""},"class_list":["post-11","page","type-page","status-publish","has-post-thumbnail","hentry"],"_links":{"self":[{"href":"https:\/\/landrettung.at\/index.php?rest_route=\/wp\/v2\/pages\/11","targetHints":{"allow":["GET"]}}],"collection":[{"href":"https:\/\/landrettung.at\/index.php?rest_route=\/wp\/v2\/pages"}],"about":[{"href":"https:\/\/landrettung.at\/index.php?rest_route=\/wp\/v2\/types\/page"}],"author":[{"embeddable":true,"href":"https:\/\/landrettung.at\/index.php?rest_route=\/wp\/v2\/users\/2"}],"replies":[{"embeddable":true,"href":"https:\/\/landrettung.at\/index.php?rest_route=%2Fwp%2Fv2%2Fcomments&post=11"}],"version-history":[{"count":7,"href":"https:\/\/landrettung.at\/index.php?rest_route=\/wp\/v2\/pages\/11\/revisions"}],"predecessor-version":[{"id":172,"href":"https:\/\/landrettung.at\/index.php?rest_route=\/wp\/v2\/pages\/11\/revisions\/172"}],"wp:featuredmedia":[{"embeddable":true,"href":"https:\/\/landrettung.at\/index.php?rest_route=\/wp\/v2\/media\/57"}],"wp:attachment":[{"href":"https:\/\/landrettung.at\/index.php?rest_route=%2Fwp%2Fv2%2Fmedia&parent=11"}],"curies":[{"name":"wp","href":"https:\/\/api.w.org\/{rel}","templated":true}]}}