{"id":10,"date":"2019-04-27T22:26:44","date_gmt":"2019-04-27T20:26:44","guid":{"rendered":"https:\/\/landrettung.at\/?page_id=10"},"modified":"2019-10-08T16:01:47","modified_gmt":"2019-10-08T14:01:47","slug":"ueber-mich","status":"publish","type":"page","link":"https:\/\/landrettung.at\/?page_id=10","title":{"rendered":"WER SIND WIR?"},"content":{"rendered":"\n<p>Wir sind eine Gruppe junger DorfbewohnerInnen die versuchen das Kultur \u2013 und Wirtschaftsland rund um St. P\u00f6lten zu bewahren und zu f\u00f6rdern, um es denn n\u00e4chsten Generationen ebensogut oder wenn m\u00f6glich besser \u00fcbergeben zu k\u00f6nnen wie wir es von unseren Eltern zur Bewahrung bekamen.<\/p>\n\n\n\n<h3 class=\"wp-block-heading\">Hermann Fahrnberger, Student<\/h3>\n\n\n\n<p>Als Mitinitiator der B\u00fcrgerinitiative Landrettung St. P\u00f6lten ist es mir ein besonderes Anliegen den kommenden Generationen eine unversehrte Naturlandschaft zu \u00fcbergeben. Au\u00dferdem sorge ich mich um die jetzt schon sp\u00fcrbaren Auswirkungen des Klimawandels und hoffe mit dieser Inititiative viele Leute zu erreichen, die mit Mut und Zuversicht an die kommenden Probleme herangehen und gemeinschaftlich versuchen L\u00f6sungen zu finden.<\/p>\n\n\n\n<h3 class=\"wp-block-heading\">Dieter Schmidradler, freischaffender Wissenschaftler<\/h3>\n\n\n\n<p>Seit Beginn der Industrialisierung wird die Natur in atemraubendem Tempo im Namen des Fortschritts geopfert. Die Landrettung St. P\u00f6lten sieht heutigen Fortschritt darin, die weitgehende Unversehrtheit eines Jahrtausende alten Kulturraums f\u00fcr kommende Generationen zu bewahren. Die Landrettung St. P\u00f6lten ist eine lebensbejahende Initiative von tief in der Geschichte der Region verwurzelten Menschen und Familien. Die bestm\u00f6gliche Unterst\u00fctzung der Landrettung St. P\u00f6lten ist f\u00fcr mich eine selbstverst\u00e4ndliche Herzensangelegenheit.<\/p>\n\n\n\n<h3 class=\"wp-block-heading\">Daniela Cabrilo, Studentin<\/h3>\n\n\n\n<p>Klimaschutz liegt &#8211; wie ich finde &#8211; in der Verantwortung jedes Einzelnen. Dies veranlasst mich dazu, den Menschen ins  Bewusstsein zu rufen, dass Nachhaltigkeit in Zeiten wie diesen gro\u00dfgeschrieben wird. Wenn wir und die nachkommenden Generationen die Erde weiterhin als Lebensraum nutzen wollen, so liegt es an uns, sie zu erhalten. Deshalb setze ich mich aktiv f\u00fcr die Landrettung St. P\u00f6lten ein.<\/p>\n\n\n\n<p><\/p>\n","protected":false},"excerpt":{"rendered":"<p>Wir sind eine Gruppe junger DorfbewohnerInnen die versuchen das Kultur \u2013 und Wirtschaftsland rund um St. P\u00f6lten zu bewahren und zu f\u00f6rdern, um es denn n\u00e4chsten Generationen ebensogut oder wenn m\u00f6glich besser \u00fcbergeben zu k\u00f6nnen wie wir es von unseren Eltern zur Bewahrung bekamen. Hermann Fahrnberger, Student Als Mitinitiator der B\u00fcrgerinitiative Landrettung St. P\u00f6lten ist &hellip; <\/p>\n<p class=\"link-more\"><a href=\"https:\/\/landrettung.at\/?page_id=10\" class=\"more-link\"><span class=\"screen-reader-text\">\u201eWER SIND WIR?\u201c <\/span>weiterlesen<\/a><\/p>\n","protected":false},"author":2,"featured_media":48,"parent":0,"menu_order":0,"comment_status":"closed","ping_status":"closed","template":"","meta":{"footnotes":""},"class_list":["post-10","page","type-page","status-publish","has-post-thumbnail","hentry"],"_links":{"self":[{"href":"https:\/\/landrettung.at\/index.php?rest_route=\/wp\/v2\/pages\/10","targetHints":{"allow":["GET"]}}],"collection":[{"href":"https:\/\/landrettung.at\/index.php?rest_route=\/wp\/v2\/pages"}],"about":[{"href":"https:\/\/landrettung.at\/index.php?rest_route=\/wp\/v2\/types\/page"}],"author":[{"embeddable":true,"href":"https:\/\/landrettung.at\/index.php?rest_route=\/wp\/v2\/users\/2"}],"replies":[{"embeddable":true,"href":"https:\/\/landrettung.at\/index.php?rest_route=%2Fwp%2Fv2%2Fcomments&post=10"}],"version-history":[{"count":9,"href":"https:\/\/landrettung.at\/index.php?rest_route=\/wp\/v2\/pages\/10\/revisions"}],"predecessor-version":[{"id":161,"href":"https:\/\/landrettung.at\/index.php?rest_route=\/wp\/v2\/pages\/10\/revisions\/161"}],"wp:featuredmedia":[{"embeddable":true,"href":"https:\/\/landrettung.at\/index.php?rest_route=\/wp\/v2\/media\/48"}],"wp:attachment":[{"href":"https:\/\/landrettung.at\/index.php?rest_route=%2Fwp%2Fv2%2Fmedia&parent=10"}],"curies":[{"name":"wp","href":"https:\/\/api.w.org\/{rel}","templated":true}]}}